{"id":10150,"date":"2023-11-27T15:46:04","date_gmt":"2023-11-27T13:46:04","guid":{"rendered":"https:\/\/idep.org.cy\/?page_id=10150"},"modified":"2025-01-16T11:06:31","modified_gmt":"2025-01-16T09:06:31","slug":"sikayet-ve-itiraz-prosedurleri","status":"publish","type":"page","link":"https:\/\/idep.org.cy\/tr\/fmellp-idep\/sikayet-ve-itiraz-prosedurleri\/","title":{"rendered":"\u015eik\u00e2yet ve \u0130tiraz Prosed\u00fcrleri"},"content":{"rendered":"","protected":false},"excerpt":{"rendered":"","protected":false},"author":1,"featured_media":0,"parent":10138,"menu_order":70,"comment_status":"closed","ping_status":"closed","template":"","meta":{"footnotes":""},"class_list":["post-10150","page","type-page","status-publish","hentry","description-off"],"yoast_head":"<!-- This site is optimized with the Yoast SEO plugin v27.3 - https:\/\/yoast.com\/product\/yoast-seo-wordpress\/ -->\n<title>\u015eik\u00e2yet ve \u0130tiraz Prosed\u00fcrleri - IDEP<\/title>\n<meta name=\"robots\" content=\"index, follow, max-snippet:-1, max-image-preview:large, max-video-preview:-1\" \/>\n<link rel=\"canonical\" href=\"https:\/\/idep.org.cy\/tr\/fmellp-idep\/sikayet-ve-itiraz-prosedurleri\/\" \/>\n<meta property=\"og:locale\" content=\"tr_TR\" \/>\n<meta property=\"og:type\" content=\"article\" \/>\n<meta property=\"og:title\" content=\"\u015eik\u00e2yet ve \u0130tiraz Prosed\u00fcrleri - IDEP\" \/>\n<meta property=\"og:url\" content=\"https:\/\/idep.org.cy\/tr\/fmellp-idep\/sikayet-ve-itiraz-prosedurleri\/\" \/>\n<meta property=\"og:site_name\" content=\"IDEP\" \/>\n<meta property=\"article:modified_time\" content=\"2025-01-16T09:06:31+00:00\" \/>\n<meta name=\"twitter:card\" content=\"summary_large_image\" \/>\n<script type=\"application\/ld+json\" class=\"yoast-schema-graph\">{\"@context\":\"https:\\\/\\\/schema.org\",\"@graph\":[{\"@type\":\"WebPage\",\"@id\":\"https:\\\/\\\/idep.org.cy\\\/tr\\\/fmellp-idep\\\/sikayet-ve-itiraz-prosedurleri\\\/\",\"url\":\"https:\\\/\\\/idep.org.cy\\\/tr\\\/fmellp-idep\\\/sikayet-ve-itiraz-prosedurleri\\\/\",\"name\":\"\u015eik\u00e2yet ve \u0130tiraz Prosed\u00fcrleri - IDEP\",\"isPartOf\":{\"@id\":\"https:\\\/\\\/idep.org.cy\\\/#website\"},\"datePublished\":\"2023-11-27T13:46:04+00:00\",\"dateModified\":\"2025-01-16T09:06:31+00:00\",\"breadcrumb\":{\"@id\":\"https:\\\/\\\/idep.org.cy\\\/tr\\\/fmellp-idep\\\/sikayet-ve-itiraz-prosedurleri\\\/#breadcrumb\"},\"inLanguage\":\"tr\",\"potentialAction\":[{\"@type\":\"ReadAction\",\"target\":[\"https:\\\/\\\/idep.org.cy\\\/tr\\\/fmellp-idep\\\/sikayet-ve-itiraz-prosedurleri\\\/\"]}]},{\"@type\":\"BreadcrumbList\",\"@id\":\"https:\\\/\\\/idep.org.cy\\\/tr\\\/fmellp-idep\\\/sikayet-ve-itiraz-prosedurleri\\\/#breadcrumb\",\"itemListElement\":[{\"@type\":\"ListItem\",\"position\":1,\"name\":\"Home\",\"item\":\"https:\\\/\\\/idep.org.cy\\\/tr\\\/\"},{\"@type\":\"ListItem\",\"position\":2,\"name\":\"IDEP (APYV)\",\"item\":\"https:\\\/\\\/idep.org.cy\\\/tr\\\/fmellp-idep\\\/\"},{\"@type\":\"ListItem\",\"position\":3,\"name\":\"\u015eik\u00e2yet ve \u0130tiraz Prosed\u00fcrleri\"}]},{\"@type\":\"WebSite\",\"@id\":\"https:\\\/\\\/idep.org.cy\\\/#website\",\"url\":\"https:\\\/\\\/idep.org.cy\\\/\",\"name\":\"\u0399\u0394\u0395\u03a0 \u0394\u03b9\u03ac \u0392\u03af\u03bf\u03c5 \u039c\u03ac\u03b8\u03b7\u03c3\u03b7\u03c2\",\"description\":\"\",\"publisher\":{\"@id\":\"https:\\\/\\\/idep.org.cy\\\/#organization\"},\"potentialAction\":[{\"@type\":\"SearchAction\",\"target\":{\"@type\":\"EntryPoint\",\"urlTemplate\":\"https:\\\/\\\/idep.org.cy\\\/?s={search_term_string}\"},\"query-input\":{\"@type\":\"PropertyValueSpecification\",\"valueRequired\":true,\"valueName\":\"search_term_string\"}}],\"inLanguage\":\"tr\"},{\"@type\":\"Organization\",\"@id\":\"https:\\\/\\\/idep.org.cy\\\/#organization\",\"name\":\"\u0399\u0394\u0395\u03a0 \u0394\u03b9\u03ac \u0392\u03af\u03bf\u03c5 \u039c\u03ac\u03b8\u03b7\u03c3\u03b7\u03c2\",\"url\":\"https:\\\/\\\/idep.org.cy\\\/\",\"logo\":{\"@type\":\"ImageObject\",\"inLanguage\":\"tr\",\"@id\":\"https:\\\/\\\/idep.org.cy\\\/#\\\/schema\\\/logo\\\/image\\\/\",\"url\":\"https:\\\/\\\/idep.org.cy\\\/wp-content\\\/uploads\\\/2024\\\/12\\\/IDEP_Logo_en.jpg\",\"contentUrl\":\"https:\\\/\\\/idep.org.cy\\\/wp-content\\\/uploads\\\/2024\\\/12\\\/IDEP_Logo_en.jpg\",\"width\":150,\"height\":150,\"caption\":\"\u0399\u0394\u0395\u03a0 \u0394\u03b9\u03ac \u0392\u03af\u03bf\u03c5 \u039c\u03ac\u03b8\u03b7\u03c3\u03b7\u03c2\"},\"image\":{\"@id\":\"https:\\\/\\\/idep.org.cy\\\/#\\\/schema\\\/logo\\\/image\\\/\"}}]}<\/script>\n<!-- \/ Yoast SEO plugin. -->","yoast_head_json":{"title":"\u015eik\u00e2yet ve \u0130tiraz Prosed\u00fcrleri - IDEP","robots":{"index":"index","follow":"follow","max-snippet":"max-snippet:-1","max-image-preview":"max-image-preview:large","max-video-preview":"max-video-preview:-1"},"canonical":"https:\/\/idep.org.cy\/tr\/fmellp-idep\/sikayet-ve-itiraz-prosedurleri\/","og_locale":"tr_TR","og_type":"article","og_title":"\u015eik\u00e2yet ve \u0130tiraz Prosed\u00fcrleri - IDEP","og_url":"https:\/\/idep.org.cy\/tr\/fmellp-idep\/sikayet-ve-itiraz-prosedurleri\/","og_site_name":"IDEP","article_modified_time":"2025-01-16T09:06:31+00:00","twitter_card":"summary_large_image","schema":{"@context":"https:\/\/schema.org","@graph":[{"@type":"WebPage","@id":"https:\/\/idep.org.cy\/tr\/fmellp-idep\/sikayet-ve-itiraz-prosedurleri\/","url":"https:\/\/idep.org.cy\/tr\/fmellp-idep\/sikayet-ve-itiraz-prosedurleri\/","name":"\u015eik\u00e2yet ve \u0130tiraz Prosed\u00fcrleri - IDEP","isPartOf":{"@id":"https:\/\/idep.org.cy\/#website"},"datePublished":"2023-11-27T13:46:04+00:00","dateModified":"2025-01-16T09:06:31+00:00","breadcrumb":{"@id":"https:\/\/idep.org.cy\/tr\/fmellp-idep\/sikayet-ve-itiraz-prosedurleri\/#breadcrumb"},"inLanguage":"tr","potentialAction":[{"@type":"ReadAction","target":["https:\/\/idep.org.cy\/tr\/fmellp-idep\/sikayet-ve-itiraz-prosedurleri\/"]}]},{"@type":"BreadcrumbList","@id":"https:\/\/idep.org.cy\/tr\/fmellp-idep\/sikayet-ve-itiraz-prosedurleri\/#breadcrumb","itemListElement":[{"@type":"ListItem","position":1,"name":"Home","item":"https:\/\/idep.org.cy\/tr\/"},{"@type":"ListItem","position":2,"name":"IDEP (APYV)","item":"https:\/\/idep.org.cy\/tr\/fmellp-idep\/"},{"@type":"ListItem","position":3,"name":"\u015eik\u00e2yet ve \u0130tiraz Prosed\u00fcrleri"}]},{"@type":"WebSite","@id":"https:\/\/idep.org.cy\/#website","url":"https:\/\/idep.org.cy\/","name":"\u0399\u0394\u0395\u03a0 \u0394\u03b9\u03ac \u0392\u03af\u03bf\u03c5 \u039c\u03ac\u03b8\u03b7\u03c3\u03b7\u03c2","description":"","publisher":{"@id":"https:\/\/idep.org.cy\/#organization"},"potentialAction":[{"@type":"SearchAction","target":{"@type":"EntryPoint","urlTemplate":"https:\/\/idep.org.cy\/?s={search_term_string}"},"query-input":{"@type":"PropertyValueSpecification","valueRequired":true,"valueName":"search_term_string"}}],"inLanguage":"tr"},{"@type":"Organization","@id":"https:\/\/idep.org.cy\/#organization","name":"\u0399\u0394\u0395\u03a0 \u0394\u03b9\u03ac \u0392\u03af\u03bf\u03c5 \u039c\u03ac\u03b8\u03b7\u03c3\u03b7\u03c2","url":"https:\/\/idep.org.cy\/","logo":{"@type":"ImageObject","inLanguage":"tr","@id":"https:\/\/idep.org.cy\/#\/schema\/logo\/image\/","url":"https:\/\/idep.org.cy\/wp-content\/uploads\/2024\/12\/IDEP_Logo_en.jpg","contentUrl":"https:\/\/idep.org.cy\/wp-content\/uploads\/2024\/12\/IDEP_Logo_en.jpg","width":150,"height":150,"caption":"\u0399\u0394\u0395\u03a0 \u0394\u03b9\u03ac \u0392\u03af\u03bf\u03c5 \u039c\u03ac\u03b8\u03b7\u03c3\u03b7\u03c2"},"image":{"@id":"https:\/\/idep.org.cy\/#\/schema\/logo\/image\/"}}]}},"_links":{"self":[{"href":"https:\/\/idep.org.cy\/tr\/wp-json\/wp\/v2\/pages\/10150","targetHints":{"allow":["GET"]}}],"collection":[{"href":"https:\/\/idep.org.cy\/tr\/wp-json\/wp\/v2\/pages"}],"about":[{"href":"https:\/\/idep.org.cy\/tr\/wp-json\/wp\/v2\/types\/page"}],"author":[{"embeddable":true,"href":"https:\/\/idep.org.cy\/tr\/wp-json\/wp\/v2\/users\/1"}],"replies":[{"embeddable":true,"href":"https:\/\/idep.org.cy\/tr\/wp-json\/wp\/v2\/comments?post=10150"}],"version-history":[{"count":1,"href":"https:\/\/idep.org.cy\/tr\/wp-json\/wp\/v2\/pages\/10150\/revisions"}],"predecessor-version":[{"id":10176,"href":"https:\/\/idep.org.cy\/tr\/wp-json\/wp\/v2\/pages\/10150\/revisions\/10176"}],"up":[{"embeddable":true,"href":"https:\/\/idep.org.cy\/tr\/wp-json\/wp\/v2\/pages\/10138"}],"wp:attachment":[{"href":"https:\/\/idep.org.cy\/tr\/wp-json\/wp\/v2\/media?parent=10150"}],"curies":[{"name":"wp","href":"https:\/\/api.w.org\/{rel}","templated":true}]}}