{"id":10151,"date":"2023-11-27T15:46:26","date_gmt":"2023-11-27T13:46:26","guid":{"rendered":"https:\/\/idep.org.cy\/?page_id=10151"},"modified":"2025-01-17T13:02:03","modified_gmt":"2025-01-17T11:02:03","slug":"itirazlar","status":"publish","type":"page","link":"https:\/\/idep.org.cy\/tr\/fmellp-idep\/sikayet-ve-itiraz-prosedurleri\/itirazlar\/","title":{"rendered":"\u0130tirazlar"},"content":{"rendered":"\t\t<div data-elementor-type=\"wp-page\" data-elementor-id=\"10151\" class=\"elementor elementor-10151 elementor-6717\" data-elementor-post-type=\"page\">\n\t\t\t\t<div class=\"elementor-element elementor-element-6a68499 e-flex e-con-boxed e-con e-parent\" data-id=\"6a68499\" data-element_type=\"container\" data-e-type=\"container\">\n\t\t\t\t\t<div class=\"e-con-inner\">\n\t\t\t\t<div class=\"elementor-element elementor-element-2e11e7e elementor-widget elementor-widget-heading\" data-id=\"2e11e7e\" data-element_type=\"widget\" data-e-type=\"widget\" data-widget_type=\"heading.default\">\n\t\t\t\t<div class=\"elementor-widget-container\">\n\t\t\t\t\t<h4 class=\"elementor-heading-title elementor-size-default\">\u0130tiraz prosed\u00fcr\u00fc<\/h4>\t\t\t\t<\/div>\n\t\t\t\t<\/div>\n\t\t\t\t<div class=\"elementor-element elementor-element-b2e40de openedByDefault elementor-widget elementor-widget-toggle\" data-id=\"b2e40de\" data-element_type=\"widget\" data-e-type=\"widget\" data-widget_type=\"toggle.default\">\n\t\t\t\t<div class=\"elementor-widget-container\">\n\t\t\t\t\t\t\t<div class=\"elementor-toggle\">\n\t\t\t\t\t\t\t<div class=\"elementor-toggle-item\">\n\t\t\t\t\t<div id=\"elementor-tab-title-1871\" class=\"elementor-tab-title\" data-tab=\"1\" role=\"button\" aria-controls=\"elementor-tab-content-1871\" aria-expanded=\"false\">\n\t\t\t\t\t\t\t\t\t\t\t\t<span class=\"elementor-toggle-icon elementor-toggle-icon-left\" aria-hidden=\"true\">\n\t\t\t\t\t\t\t\t\t\t\t\t\t\t\t<span class=\"elementor-toggle-icon-closed\"><svg class=\"e-font-icon-svg e-fas-caret-right\" viewBox=\"0 0 192 512\" xmlns=\"http:\/\/www.w3.org\/2000\/svg\"><path d=\"M0 384.662V127.338c0-17.818 21.543-26.741 34.142-14.142l128.662 128.662c7.81 7.81 7.81 20.474 0 28.284L34.142 398.804C21.543 411.404 0 402.48 0 384.662z\"><\/path><\/svg><\/span>\n\t\t\t\t\t\t\t\t<span class=\"elementor-toggle-icon-opened\"><svg class=\"elementor-toggle-icon-opened e-font-icon-svg e-fas-caret-up\" viewBox=\"0 0 320 512\" xmlns=\"http:\/\/www.w3.org\/2000\/svg\"><path d=\"M288.662 352H31.338c-17.818 0-26.741-21.543-14.142-34.142l128.662-128.662c7.81-7.81 20.474-7.81 28.284 0l128.662 128.662c12.6 12.599 3.676 34.142-14.142 34.142z\"><\/path><\/svg><\/span>\n\t\t\t\t\t\t\t\t\t\t\t\t\t<\/span>\n\t\t\t\t\t\t\t\t\t\t\t\t<a class=\"elementor-toggle-title\" tabindex=\"0\">Ama\u00e7<\/a>\n\t\t\t\t\t<\/div>\n\n\t\t\t\t\t<div id=\"elementor-tab-content-1871\" class=\"elementor-tab-content elementor-clearfix\" data-tab=\"1\" role=\"region\" aria-labelledby=\"elementor-tab-title-1871\"><p>A\u015fa\u011f\u0131daki prosed\u00fcr, Hayat Boyu \u00d6\u011frenme Avrupa Fonlari Y\u00f6netmenlik Vakf\u0131 (EDIP) taraf\u0131ndan yararlan\u0131c\u0131lar taraf\u0131ndan sunulan itirazlar\u0131n ele al\u0131nmas\u0131 i\u00e7in izlenen t\u00fcm eylemleri i\u00e7erir.<\/p><\/div>\n\t\t\t\t<\/div>\n\t\t\t\t\t\t\t<div class=\"elementor-toggle-item\">\n\t\t\t\t\t<div id=\"elementor-tab-title-1872\" class=\"elementor-tab-title\" data-tab=\"2\" role=\"button\" aria-controls=\"elementor-tab-content-1872\" aria-expanded=\"false\">\n\t\t\t\t\t\t\t\t\t\t\t\t<span class=\"elementor-toggle-icon elementor-toggle-icon-left\" aria-hidden=\"true\">\n\t\t\t\t\t\t\t\t\t\t\t\t\t\t\t<span class=\"elementor-toggle-icon-closed\"><svg class=\"e-font-icon-svg e-fas-caret-right\" viewBox=\"0 0 192 512\" xmlns=\"http:\/\/www.w3.org\/2000\/svg\"><path d=\"M0 384.662V127.338c0-17.818 21.543-26.741 34.142-14.142l128.662 128.662c7.81 7.81 7.81 20.474 0 28.284L34.142 398.804C21.543 411.404 0 402.48 0 384.662z\"><\/path><\/svg><\/span>\n\t\t\t\t\t\t\t\t<span class=\"elementor-toggle-icon-opened\"><svg class=\"elementor-toggle-icon-opened e-font-icon-svg e-fas-caret-up\" viewBox=\"0 0 320 512\" xmlns=\"http:\/\/www.w3.org\/2000\/svg\"><path d=\"M288.662 352H31.338c-17.818 0-26.741-21.543-14.142-34.142l128.662-128.662c7.81-7.81 20.474-7.81 28.284 0l128.662 128.662c12.6 12.599 3.676 34.142-14.142 34.142z\"><\/path><\/svg><\/span>\n\t\t\t\t\t\t\t\t\t\t\t\t\t<\/span>\n\t\t\t\t\t\t\t\t\t\t\t\t<a class=\"elementor-toggle-title\" tabindex=\"0\">Sorumluluk<\/a>\n\t\t\t\t\t<\/div>\n\n\t\t\t\t\t<div id=\"elementor-tab-content-1872\" class=\"elementor-tab-content elementor-clearfix\" data-tab=\"2\" role=\"region\" aria-labelledby=\"elementor-tab-title-1872\"><p>\u0130tirazlar\u0131 ele alma sorumlulu\u011fu, b\u00f6lgeye ba\u011fl\u0131 olarak \u0130tiraz Komitelerini koordine eden iki K\u0131demli G\u00f6revliye aittir.<\/p><\/div>\n\t\t\t\t<\/div>\n\t\t\t\t\t\t\t<div class=\"elementor-toggle-item\">\n\t\t\t\t\t<div id=\"elementor-tab-title-1873\" class=\"elementor-tab-title\" data-tab=\"3\" role=\"button\" aria-controls=\"elementor-tab-content-1873\" aria-expanded=\"false\">\n\t\t\t\t\t\t\t\t\t\t\t\t<span class=\"elementor-toggle-icon elementor-toggle-icon-left\" aria-hidden=\"true\">\n\t\t\t\t\t\t\t\t\t\t\t\t\t\t\t<span class=\"elementor-toggle-icon-closed\"><svg class=\"e-font-icon-svg e-fas-caret-right\" viewBox=\"0 0 192 512\" xmlns=\"http:\/\/www.w3.org\/2000\/svg\"><path d=\"M0 384.662V127.338c0-17.818 21.543-26.741 34.142-14.142l128.662 128.662c7.81 7.81 7.81 20.474 0 28.284L34.142 398.804C21.543 411.404 0 402.48 0 384.662z\"><\/path><\/svg><\/span>\n\t\t\t\t\t\t\t\t<span class=\"elementor-toggle-icon-opened\"><svg class=\"elementor-toggle-icon-opened e-font-icon-svg e-fas-caret-up\" viewBox=\"0 0 320 512\" xmlns=\"http:\/\/www.w3.org\/2000\/svg\"><path d=\"M288.662 352H31.338c-17.818 0-26.741-21.543-14.142-34.142l128.662-128.662c7.81-7.81 20.474-7.81 28.284 0l128.662 128.662c12.6 12.599 3.676 34.142-14.142 34.142z\"><\/path><\/svg><\/span>\n\t\t\t\t\t\t\t\t\t\t\t\t\t<\/span>\n\t\t\t\t\t\t\t\t\t\t\t\t<a class=\"elementor-toggle-title\" tabindex=\"0\">\u0130tiraz vakalar\u0131<\/a>\n\t\t\t\t\t<\/div>\n\n\t\t\t\t\t<div id=\"elementor-tab-content-1873\" class=\"elementor-tab-content elementor-clearfix\" data-tab=\"3\" role=\"region\" aria-labelledby=\"elementor-tab-title-1873\"><p>Hayat Boyu \u00d6\u011frenme IDEP, yararlan\u0131c\u0131lardan a\u015fa\u011f\u0131daki prosed\u00fcrlerle ilgili itirazlar al\u0131r:<\/p><ol><li>Ba\u015fvuru se\u00e7im s\u00fcreci (onay, ret, bekleme listesine yerle\u015ftirme). Ba\u015fvuru se\u00e7im prosed\u00fcr\u00fc ile ilgili olarak, itiraz\u0131n ba\u015fvurunun niteliksel de\u011ferlendirmesiyle ilgili olamayaca\u011f\u0131 belirtilmektedir.<br \/><br \/><\/li><li>Nihai hibe miktar\u0131n\u0131n belirlenmesi i\u00e7in ara (varsa) ve nihai raporlar\u0131n de\u011ferlendirilmesi prosed\u00fcr\u00fc<br \/><br \/><\/li><li>Birincil kontroller i\u00e7in prosed\u00fcr (masa ba\u015f\u0131 kontroller, yerinde kontroller, sistem kontrolleri).<\/li><\/ol><p>EDIP web sitesinin yan\u0131 s\u0131ra, bir ba\u015fvuru, rapor veya denetimin de\u011ferlendirme sonu\u00e7lar\u0131n\u0131n bildirilmesine ili\u015fkin olarak yararlan\u0131c\u0131lara g\u00f6nderilen herhangi bir mektupta da itiraz hakk\u0131ndan bahsedilmektedir.<\/p><\/div>\n\t\t\t\t<\/div>\n\t\t\t\t\t\t\t<div class=\"elementor-toggle-item\">\n\t\t\t\t\t<div id=\"elementor-tab-title-1874\" class=\"elementor-tab-title\" data-tab=\"4\" role=\"button\" aria-controls=\"elementor-tab-content-1874\" aria-expanded=\"false\">\n\t\t\t\t\t\t\t\t\t\t\t\t<span class=\"elementor-toggle-icon elementor-toggle-icon-left\" aria-hidden=\"true\">\n\t\t\t\t\t\t\t\t\t\t\t\t\t\t\t<span class=\"elementor-toggle-icon-closed\"><svg class=\"e-font-icon-svg e-fas-caret-right\" viewBox=\"0 0 192 512\" xmlns=\"http:\/\/www.w3.org\/2000\/svg\"><path d=\"M0 384.662V127.338c0-17.818 21.543-26.741 34.142-14.142l128.662 128.662c7.81 7.81 7.81 20.474 0 28.284L34.142 398.804C21.543 411.404 0 402.48 0 384.662z\"><\/path><\/svg><\/span>\n\t\t\t\t\t\t\t\t<span class=\"elementor-toggle-icon-opened\"><svg class=\"elementor-toggle-icon-opened e-font-icon-svg e-fas-caret-up\" viewBox=\"0 0 320 512\" xmlns=\"http:\/\/www.w3.org\/2000\/svg\"><path d=\"M288.662 352H31.338c-17.818 0-26.741-21.543-14.142-34.142l128.662-128.662c7.81-7.81 20.474-7.81 28.284 0l128.662 128.662c12.6 12.599 3.676 34.142-14.142 34.142z\"><\/path><\/svg><\/span>\n\t\t\t\t\t\t\t\t\t\t\t\t\t<\/span>\n\t\t\t\t\t\t\t\t\t\t\t\t<a class=\"elementor-toggle-title\" tabindex=\"0\">\u0130tiraz prosed\u00fcr\u00fc hakk\u0131nda bilgi<\/a>\n\t\t\t\t\t<\/div>\n\n\t\t\t\t\t<div id=\"elementor-tab-content-1874\" class=\"elementor-tab-content elementor-clearfix\" data-tab=\"4\" role=\"region\" aria-labelledby=\"elementor-tab-title-1874\"><p>\u0130tirazlar yaz\u0131l\u0131 olarak Hayat Boyu \u00d6\u011frenme Vakf\u0131&#8217;na <a href=\"mailto:enstasi@idep.org.cy\">enstasi@idep.org.cy<\/a> e-posta adresi \u00fczerinden ve itiraz\u0131n yap\u0131ld\u0131\u011f\u0131 eyleme ba\u011fl\u0131 olarak Vakf\u0131n ilgili \u00dcst D\u00fczey Yetkilisine hitaben yap\u0131lmal\u0131d\u0131r. \u0130tirazlar ya ilgili kurulu\u015fun yasal temsilcisi taraf\u0131ndan ya da kurulu\u015fun yasal temsilcisine bildirimde bulunmak suretiyle ba\u015fvurunun\/plan\u0131n irtibat ki\u015fisi taraf\u0131ndan g\u00f6nderilmelidir. \u0130tiraz, destekleyici kan\u0131tlarla birlikte sunulmal\u0131d\u0131r.<\/p><\/div>\n\t\t\t\t<\/div>\n\t\t\t\t\t\t\t<div class=\"elementor-toggle-item\">\n\t\t\t\t\t<div id=\"elementor-tab-title-1875\" class=\"elementor-tab-title\" data-tab=\"5\" role=\"button\" aria-controls=\"elementor-tab-content-1875\" aria-expanded=\"false\">\n\t\t\t\t\t\t\t\t\t\t\t\t<span class=\"elementor-toggle-icon elementor-toggle-icon-left\" aria-hidden=\"true\">\n\t\t\t\t\t\t\t\t\t\t\t\t\t\t\t<span class=\"elementor-toggle-icon-closed\"><svg class=\"e-font-icon-svg e-fas-caret-right\" viewBox=\"0 0 192 512\" xmlns=\"http:\/\/www.w3.org\/2000\/svg\"><path d=\"M0 384.662V127.338c0-17.818 21.543-26.741 34.142-14.142l128.662 128.662c7.81 7.81 7.81 20.474 0 28.284L34.142 398.804C21.543 411.404 0 402.48 0 384.662z\"><\/path><\/svg><\/span>\n\t\t\t\t\t\t\t\t<span class=\"elementor-toggle-icon-opened\"><svg class=\"elementor-toggle-icon-opened e-font-icon-svg e-fas-caret-up\" viewBox=\"0 0 320 512\" xmlns=\"http:\/\/www.w3.org\/2000\/svg\"><path d=\"M288.662 352H31.338c-17.818 0-26.741-21.543-14.142-34.142l128.662-128.662c7.81-7.81 20.474-7.81 28.284 0l128.662 128.662c12.6 12.599 3.676 34.142-14.142 34.142z\"><\/path><\/svg><\/span>\n\t\t\t\t\t\t\t\t\t\t\t\t\t<\/span>\n\t\t\t\t\t\t\t\t\t\t\t\t<a class=\"elementor-toggle-title\" tabindex=\"0\">\u0130tirazda bulunmak i\u00e7in zaman s\u0131n\u0131rlar\u0131<\/a>\n\t\t\t\t\t<\/div>\n\n\t\t\t\t\t<div id=\"elementor-tab-content-1875\" class=\"elementor-tab-content elementor-clearfix\" data-tab=\"5\" role=\"region\" aria-labelledby=\"elementor-tab-title-1875\"><ul><li>Ba\u015fvuru se\u00e7im s\u00fcreci ve ara rapor de\u011ferlendirme s\u00fcreci i\u00e7in itiraz, sonu\u00e7lara ili\u015fkin bildirim mektubunun g\u00f6nderildi\u011fi tarihten itibaren 12 g\u00fcn i\u00e7inde IMEP&#8217;e sunulmal\u0131d\u0131r.<\/li><\/ul><ul><li>Nihai hibe miktar\u0131n\u0131n belirlenmesi i\u00e7in nihai raporlar\u0131n de\u011ferlendirilmesi prosed\u00fcr\u00fc ve birincil kontroller (desk checks (masa ba\u015f\u0131) kontroller, on-the-spot (yerinde) kontroller, sistem kontrolleri) i\u00e7in itiraz, geri bildirim mektubunun al\u0131nd\u0131\u011f\u0131 tarihten itibaren 30 g\u00fcn i\u00e7inde IDEP&#8217;e yap\u0131lmal\u0131d\u0131r.<\/li><\/ul><p>\u0130tiraza ili\u015fkin nihai karar, itiraz\u0131n Hayat Boyu \u00d6\u011frenme Vakf\u0131 IDEP taraf\u0131ndan al\u0131nd\u0131\u011f\u0131 tarihten itibaren 30 g\u00fcn i\u00e7inde itiraz sahibine e-posta yoluyla iletilir.<\/p><\/div>\n\t\t\t\t<\/div>\n\t\t\t\t\t\t\t\t<\/div>\n\t\t\t\t\t\t<\/div>\n\t\t\t\t<\/div>\n\t\t\t\t<div class=\"elementor-element elementor-element-e5e61a9 elementor-widget elementor-widget-html\" data-id=\"e5e61a9\" data-element_type=\"widget\" data-e-type=\"widget\" data-widget_type=\"html.default\">\n\t\t\t\t<div class=\"elementor-widget-container\">\n\t\t\t\t\t<script>\r\nwindow.addEventListener('load', function () {\r\n\r\nlet opened = [1, 2,3,4, 5];\r\n\r\nsetTimeout(function () {\r\nlet toggles = document.querySelectorAll('.openedByDefault .elementor-tab-title, .openedByDefault .e-n-accordion-item-title, .openedByDefault .e-n-tab-title');\r\nopened.forEach((i) => {\r\nif (toggles[i - 1]) toggles[i - 1].click();\r\n});\r\n}, 300);\r\n});\r\n<\/script>\t\t\t\t<\/div>\n\t\t\t\t<\/div>\n\t\t\t\t\t<\/div>\n\t\t\t\t<\/div>\n\t\t\t\t<\/div>\n\t\t","protected":false},"excerpt":{"rendered":"<p>\u0130tiraz prosed\u00fcr\u00fc Ama\u00e7 A\u015fa\u011f\u0131daki prosed\u00fcr, Hayat Boyu \u00d6\u011frenme Avrupa Fonlari Y\u00f6netmenlik Vakf\u0131 (EDIP) taraf\u0131ndan yararlan\u0131c\u0131lar taraf\u0131ndan sunulan itirazlar\u0131n ele al\u0131nmas\u0131 i\u00e7in izlenen t\u00fcm eylemleri i\u00e7erir. Sorumluluk \u0130tirazlar\u0131 ele alma sorumlulu\u011fu, b\u00f6lgeye ba\u011fl\u0131 olarak \u0130tiraz Komitelerini koordine eden iki K\u0131demli G\u00f6revliye aittir. \u0130tiraz vakalar\u0131 Hayat Boyu \u00d6\u011frenme IDEP, yararlan\u0131c\u0131lardan a\u015fa\u011f\u0131daki prosed\u00fcrlerle ilgili itirazlar al\u0131r: Ba\u015fvuru se\u00e7im&hellip;<\/p>\n","protected":false},"author":1,"featured_media":0,"parent":10150,"menu_order":72,"comment_status":"closed","ping_status":"closed","template":"","meta":{"footnotes":""},"class_list":["post-10151","page","type-page","status-publish","hentry"],"yoast_head":"<!-- This site is optimized with the Yoast SEO plugin v27.4 - https:\/\/yoast.com\/product\/yoast-seo-wordpress\/ -->\n<title>\u0130tirazlar - IDEP<\/title>\n<meta name=\"robots\" content=\"index, follow, max-snippet:-1, max-image-preview:large, max-video-preview:-1\" \/>\n<link rel=\"canonical\" href=\"https:\/\/idep.org.cy\/tr\/fmellp-idep\/sikayet-ve-itiraz-prosedurleri\/itirazlar\/\" \/>\n<meta property=\"og:locale\" content=\"tr_TR\" \/>\n<meta property=\"og:type\" content=\"article\" \/>\n<meta property=\"og:title\" content=\"\u0130tirazlar - IDEP\" \/>\n<meta property=\"og:description\" content=\"\u0130tiraz prosed\u00fcr\u00fc Ama\u00e7 A\u015fa\u011f\u0131daki prosed\u00fcr, Hayat Boyu \u00d6\u011frenme Avrupa Fonlari Y\u00f6netmenlik Vakf\u0131 (EDIP) taraf\u0131ndan yararlan\u0131c\u0131lar taraf\u0131ndan sunulan itirazlar\u0131n ele al\u0131nmas\u0131 i\u00e7in izlenen t\u00fcm eylemleri i\u00e7erir. Sorumluluk \u0130tirazlar\u0131 ele alma sorumlulu\u011fu, b\u00f6lgeye ba\u011fl\u0131 olarak \u0130tiraz Komitelerini koordine eden iki K\u0131demli G\u00f6revliye aittir. \u0130tiraz vakalar\u0131 Hayat Boyu \u00d6\u011frenme IDEP, yararlan\u0131c\u0131lardan a\u015fa\u011f\u0131daki prosed\u00fcrlerle ilgili itirazlar al\u0131r: Ba\u015fvuru se\u00e7im&hellip;\" \/>\n<meta property=\"og:url\" content=\"https:\/\/idep.org.cy\/tr\/fmellp-idep\/sikayet-ve-itiraz-prosedurleri\/itirazlar\/\" \/>\n<meta property=\"og:site_name\" content=\"IDEP\" \/>\n<meta property=\"article:modified_time\" content=\"2025-01-17T11:02:03+00:00\" \/>\n<meta name=\"twitter:card\" content=\"summary_large_image\" \/>\n<meta name=\"twitter:label1\" content=\"Tahmini okuma s\u00fcresi\" \/>\n\t<meta name=\"twitter:data1\" content=\"2 dakika\" \/>\n<script type=\"application\/ld+json\" class=\"yoast-schema-graph\">{\"@context\":\"https:\\\/\\\/schema.org\",\"@graph\":[{\"@type\":\"WebPage\",\"@id\":\"https:\\\/\\\/idep.org.cy\\\/tr\\\/fmellp-idep\\\/sikayet-ve-itiraz-prosedurleri\\\/itirazlar\\\/\",\"url\":\"https:\\\/\\\/idep.org.cy\\\/tr\\\/fmellp-idep\\\/sikayet-ve-itiraz-prosedurleri\\\/itirazlar\\\/\",\"name\":\"\u0130tirazlar - IDEP\",\"isPartOf\":{\"@id\":\"https:\\\/\\\/idep.org.cy\\\/#website\"},\"datePublished\":\"2023-11-27T13:46:26+00:00\",\"dateModified\":\"2025-01-17T11:02:03+00:00\",\"breadcrumb\":{\"@id\":\"https:\\\/\\\/idep.org.cy\\\/tr\\\/fmellp-idep\\\/sikayet-ve-itiraz-prosedurleri\\\/itirazlar\\\/#breadcrumb\"},\"inLanguage\":\"tr\",\"potentialAction\":[{\"@type\":\"ReadAction\",\"target\":[\"https:\\\/\\\/idep.org.cy\\\/tr\\\/fmellp-idep\\\/sikayet-ve-itiraz-prosedurleri\\\/itirazlar\\\/\"]}]},{\"@type\":\"BreadcrumbList\",\"@id\":\"https:\\\/\\\/idep.org.cy\\\/tr\\\/fmellp-idep\\\/sikayet-ve-itiraz-prosedurleri\\\/itirazlar\\\/#breadcrumb\",\"itemListElement\":[{\"@type\":\"ListItem\",\"position\":1,\"name\":\"Home\",\"item\":\"https:\\\/\\\/idep.org.cy\\\/tr\\\/\"},{\"@type\":\"ListItem\",\"position\":2,\"name\":\"IDEP (APYV)\",\"item\":\"https:\\\/\\\/idep.org.cy\\\/tr\\\/fmellp-idep\\\/\"},{\"@type\":\"ListItem\",\"position\":3,\"name\":\"\u015eik\u00e2yet ve \u0130tiraz Prosed\u00fcrleri\",\"item\":\"https:\\\/\\\/idep.org.cy\\\/tr\\\/fmellp-idep\\\/sikayet-ve-itiraz-prosedurleri\\\/\"},{\"@type\":\"ListItem\",\"position\":4,\"name\":\"\u0130tirazlar\"}]},{\"@type\":\"WebSite\",\"@id\":\"https:\\\/\\\/idep.org.cy\\\/#website\",\"url\":\"https:\\\/\\\/idep.org.cy\\\/\",\"name\":\"\u0399\u0394\u0395\u03a0 \u0394\u03b9\u03ac \u0392\u03af\u03bf\u03c5 \u039c\u03ac\u03b8\u03b7\u03c3\u03b7\u03c2\",\"description\":\"\",\"publisher\":{\"@id\":\"https:\\\/\\\/idep.org.cy\\\/#organization\"},\"potentialAction\":[{\"@type\":\"SearchAction\",\"target\":{\"@type\":\"EntryPoint\",\"urlTemplate\":\"https:\\\/\\\/idep.org.cy\\\/?s={search_term_string}\"},\"query-input\":{\"@type\":\"PropertyValueSpecification\",\"valueRequired\":true,\"valueName\":\"search_term_string\"}}],\"inLanguage\":\"tr\"},{\"@type\":\"Organization\",\"@id\":\"https:\\\/\\\/idep.org.cy\\\/#organization\",\"name\":\"\u0399\u0394\u0395\u03a0 \u0394\u03b9\u03ac \u0392\u03af\u03bf\u03c5 \u039c\u03ac\u03b8\u03b7\u03c3\u03b7\u03c2\",\"url\":\"https:\\\/\\\/idep.org.cy\\\/\",\"logo\":{\"@type\":\"ImageObject\",\"inLanguage\":\"tr\",\"@id\":\"https:\\\/\\\/idep.org.cy\\\/#\\\/schema\\\/logo\\\/image\\\/\",\"url\":\"https:\\\/\\\/idep.org.cy\\\/wp-content\\\/uploads\\\/2024\\\/12\\\/IDEP_Logo_en.jpg\",\"contentUrl\":\"https:\\\/\\\/idep.org.cy\\\/wp-content\\\/uploads\\\/2024\\\/12\\\/IDEP_Logo_en.jpg\",\"width\":150,\"height\":150,\"caption\":\"\u0399\u0394\u0395\u03a0 \u0394\u03b9\u03ac \u0392\u03af\u03bf\u03c5 \u039c\u03ac\u03b8\u03b7\u03c3\u03b7\u03c2\"},\"image\":{\"@id\":\"https:\\\/\\\/idep.org.cy\\\/#\\\/schema\\\/logo\\\/image\\\/\"}}]}<\/script>\n<!-- \/ Yoast SEO plugin. -->","yoast_head_json":{"title":"\u0130tirazlar - IDEP","robots":{"index":"index","follow":"follow","max-snippet":"max-snippet:-1","max-image-preview":"max-image-preview:large","max-video-preview":"max-video-preview:-1"},"canonical":"https:\/\/idep.org.cy\/tr\/fmellp-idep\/sikayet-ve-itiraz-prosedurleri\/itirazlar\/","og_locale":"tr_TR","og_type":"article","og_title":"\u0130tirazlar - IDEP","og_description":"\u0130tiraz prosed\u00fcr\u00fc Ama\u00e7 A\u015fa\u011f\u0131daki prosed\u00fcr, Hayat Boyu \u00d6\u011frenme Avrupa Fonlari Y\u00f6netmenlik Vakf\u0131 (EDIP) taraf\u0131ndan yararlan\u0131c\u0131lar taraf\u0131ndan sunulan itirazlar\u0131n ele al\u0131nmas\u0131 i\u00e7in izlenen t\u00fcm eylemleri i\u00e7erir. Sorumluluk \u0130tirazlar\u0131 ele alma sorumlulu\u011fu, b\u00f6lgeye ba\u011fl\u0131 olarak \u0130tiraz Komitelerini koordine eden iki K\u0131demli G\u00f6revliye aittir. \u0130tiraz vakalar\u0131 Hayat Boyu \u00d6\u011frenme IDEP, yararlan\u0131c\u0131lardan a\u015fa\u011f\u0131daki prosed\u00fcrlerle ilgili itirazlar al\u0131r: Ba\u015fvuru se\u00e7im&hellip;","og_url":"https:\/\/idep.org.cy\/tr\/fmellp-idep\/sikayet-ve-itiraz-prosedurleri\/itirazlar\/","og_site_name":"IDEP","article_modified_time":"2025-01-17T11:02:03+00:00","twitter_card":"summary_large_image","twitter_misc":{"Tahmini okuma s\u00fcresi":"2 dakika"},"schema":{"@context":"https:\/\/schema.org","@graph":[{"@type":"WebPage","@id":"https:\/\/idep.org.cy\/tr\/fmellp-idep\/sikayet-ve-itiraz-prosedurleri\/itirazlar\/","url":"https:\/\/idep.org.cy\/tr\/fmellp-idep\/sikayet-ve-itiraz-prosedurleri\/itirazlar\/","name":"\u0130tirazlar - IDEP","isPartOf":{"@id":"https:\/\/idep.org.cy\/#website"},"datePublished":"2023-11-27T13:46:26+00:00","dateModified":"2025-01-17T11:02:03+00:00","breadcrumb":{"@id":"https:\/\/idep.org.cy\/tr\/fmellp-idep\/sikayet-ve-itiraz-prosedurleri\/itirazlar\/#breadcrumb"},"inLanguage":"tr","potentialAction":[{"@type":"ReadAction","target":["https:\/\/idep.org.cy\/tr\/fmellp-idep\/sikayet-ve-itiraz-prosedurleri\/itirazlar\/"]}]},{"@type":"BreadcrumbList","@id":"https:\/\/idep.org.cy\/tr\/fmellp-idep\/sikayet-ve-itiraz-prosedurleri\/itirazlar\/#breadcrumb","itemListElement":[{"@type":"ListItem","position":1,"name":"Home","item":"https:\/\/idep.org.cy\/tr\/"},{"@type":"ListItem","position":2,"name":"IDEP (APYV)","item":"https:\/\/idep.org.cy\/tr\/fmellp-idep\/"},{"@type":"ListItem","position":3,"name":"\u015eik\u00e2yet ve \u0130tiraz Prosed\u00fcrleri","item":"https:\/\/idep.org.cy\/tr\/fmellp-idep\/sikayet-ve-itiraz-prosedurleri\/"},{"@type":"ListItem","position":4,"name":"\u0130tirazlar"}]},{"@type":"WebSite","@id":"https:\/\/idep.org.cy\/#website","url":"https:\/\/idep.org.cy\/","name":"\u0399\u0394\u0395\u03a0 \u0394\u03b9\u03ac \u0392\u03af\u03bf\u03c5 \u039c\u03ac\u03b8\u03b7\u03c3\u03b7\u03c2","description":"","publisher":{"@id":"https:\/\/idep.org.cy\/#organization"},"potentialAction":[{"@type":"SearchAction","target":{"@type":"EntryPoint","urlTemplate":"https:\/\/idep.org.cy\/?s={search_term_string}"},"query-input":{"@type":"PropertyValueSpecification","valueRequired":true,"valueName":"search_term_string"}}],"inLanguage":"tr"},{"@type":"Organization","@id":"https:\/\/idep.org.cy\/#organization","name":"\u0399\u0394\u0395\u03a0 \u0394\u03b9\u03ac \u0392\u03af\u03bf\u03c5 \u039c\u03ac\u03b8\u03b7\u03c3\u03b7\u03c2","url":"https:\/\/idep.org.cy\/","logo":{"@type":"ImageObject","inLanguage":"tr","@id":"https:\/\/idep.org.cy\/#\/schema\/logo\/image\/","url":"https:\/\/idep.org.cy\/wp-content\/uploads\/2024\/12\/IDEP_Logo_en.jpg","contentUrl":"https:\/\/idep.org.cy\/wp-content\/uploads\/2024\/12\/IDEP_Logo_en.jpg","width":150,"height":150,"caption":"\u0399\u0394\u0395\u03a0 \u0394\u03b9\u03ac \u0392\u03af\u03bf\u03c5 \u039c\u03ac\u03b8\u03b7\u03c3\u03b7\u03c2"},"image":{"@id":"https:\/\/idep.org.cy\/#\/schema\/logo\/image\/"}}]}},"_links":{"self":[{"href":"https:\/\/idep.org.cy\/tr\/wp-json\/wp\/v2\/pages\/10151","targetHints":{"allow":["GET"]}}],"collection":[{"href":"https:\/\/idep.org.cy\/tr\/wp-json\/wp\/v2\/pages"}],"about":[{"href":"https:\/\/idep.org.cy\/tr\/wp-json\/wp\/v2\/types\/page"}],"author":[{"embeddable":true,"href":"https:\/\/idep.org.cy\/tr\/wp-json\/wp\/v2\/users\/1"}],"replies":[{"embeddable":true,"href":"https:\/\/idep.org.cy\/tr\/wp-json\/wp\/v2\/comments?post=10151"}],"version-history":[{"count":7,"href":"https:\/\/idep.org.cy\/tr\/wp-json\/wp\/v2\/pages\/10151\/revisions"}],"predecessor-version":[{"id":10451,"href":"https:\/\/idep.org.cy\/tr\/wp-json\/wp\/v2\/pages\/10151\/revisions\/10451"}],"up":[{"embeddable":true,"href":"https:\/\/idep.org.cy\/tr\/wp-json\/wp\/v2\/pages\/10150"}],"wp:attachment":[{"href":"https:\/\/idep.org.cy\/tr\/wp-json\/wp\/v2\/media?parent=10151"}],"curies":[{"name":"wp","href":"https:\/\/api.w.org\/{rel}","templated":true}]}}