{"id":10152,"date":"2023-11-27T15:46:44","date_gmt":"2023-11-27T13:46:44","guid":{"rendered":"https:\/\/idep.org.cy\/?page_id=10152"},"modified":"2025-01-17T12:40:50","modified_gmt":"2025-01-17T10:40:50","slug":"sikayetler","status":"publish","type":"page","link":"https:\/\/idep.org.cy\/tr\/fmellp-idep\/sikayet-ve-itiraz-prosedurleri\/sikayetler\/","title":{"rendered":"\u015eikayetler"},"content":{"rendered":"\t\t<div data-elementor-type=\"wp-page\" data-elementor-id=\"10152\" class=\"elementor elementor-10152 elementor-6719\" data-elementor-post-type=\"page\">\n\t\t\t\t<div class=\"elementor-element elementor-element-3237b77 e-flex e-con-boxed e-con e-parent\" data-id=\"3237b77\" data-element_type=\"container\" data-e-type=\"container\">\n\t\t\t\t\t<div class=\"e-con-inner\">\n\t\t\t\t<div class=\"elementor-element elementor-element-3218b53 elementor-widget elementor-widget-text-editor\" data-id=\"3218b53\" data-element_type=\"widget\" data-e-type=\"widget\" data-widget_type=\"text-editor.default\">\n\t\t\t\t<div class=\"elementor-widget-container\">\n\t\t\t\t\t\t\t\t\t<p><strong>\u015eikayet\/\u0130hbar Politikas\u0131<\/strong><\/p><p>Hayat Boyu \u00d6\u011frenme Vakf\u0131, Vakf\u0131n \u00e7al\u0131\u015fmalar\u0131, sponsorlu Projeler ve\/veya personelinin profesyonelli\u011fi ve davran\u0131\u015flar\u0131 ile ilgili herhangi bir konuda yaz\u0131l\u0131 \u015fik\u00e2yetleri kabul eder. \u015eikayetler IDEP web sitesi \u00fczerinden online<a href=\"https:\/\/idep.org.cy\/tr\/voithiste-mas-na-veltiothoume\/\">\u00a0form<\/a>\u00a0doldurularak yaz\u0131l\u0131 olarak iletilmelidir.<\/p><p>\u015eikayetler\/\u00f6neriler al\u0131nd\u0131ktan sonra incelenir ve IDEP gerekti\u011finde d\u00fczeltici \u00f6nlemler al\u0131r.<\/p><p>Hayat Boyu \u00d6\u011frenme Enstit\u00fcs\u00fc, \u015fik\u00e2yetin\/\u00f6nerinin al\u0131nd\u0131\u011f\u0131 tarihten itibaren bir ay i\u00e7inde \u015fik\u00e2yet\u00e7iye\/ihbarc\u0131ya yaz\u0131l\u0131 olarak cevap vermekle y\u00fck\u00fcml\u00fcd\u00fcr.<\/p><p>Bu nedenle, bir ki\u015fi herhangi bir yan\u0131t almak istiyorsa, sunulan \u015fikayet anonim olmamal\u0131d\u0131r. B\u00f6yle bir durumda IDEP ilgili taraflara \u015fikayet\u00e7i\/m\u00fcracaat\u00e7\u0131n\u0131n bilgilerinin tamamen gizli tutulaca\u011f\u0131n\u0131 taahh\u00fct eder.<\/p><p>Ancak, \u015fikayet sahibinin anonim kalmak istemesi halinde, formda konunun d\u00fczg\u00fcn ve etkili bir \u015fekilde soru\u015fturulmas\u0131 i\u00e7in gerekli t\u00fcm bilgilerin yer ald\u0131\u011f\u0131ndan emin olmal\u0131d\u0131r. (\u00f6rne\u011fin, kurulu\u015f bilgileri, faaliyeti ve faaliyet g\u00f6sterdi\u011fi sekt\u00f6r, proje numaras\u0131, vb.)<\/p>\t\t\t\t\t\t\t\t<\/div>\n\t\t\t\t<\/div>\n\t\t\t\t\t<\/div>\n\t\t\t\t<\/div>\n\t\t\t\t<\/div>\n\t\t","protected":false},"excerpt":{"rendered":"<p>\u015eikayet\/\u0130hbar Politikas\u0131 Hayat Boyu \u00d6\u011frenme Vakf\u0131, Vakf\u0131n \u00e7al\u0131\u015fmalar\u0131, sponsorlu Projeler ve\/veya personelinin profesyonelli\u011fi ve davran\u0131\u015flar\u0131 ile ilgili herhangi bir konuda yaz\u0131l\u0131 \u015fik\u00e2yetleri kabul eder. \u015eikayetler IDEP web sitesi \u00fczerinden online\u00a0form\u00a0doldurularak yaz\u0131l\u0131 olarak iletilmelidir. \u015eikayetler\/\u00f6neriler al\u0131nd\u0131ktan sonra incelenir ve IDEP gerekti\u011finde d\u00fczeltici \u00f6nlemler al\u0131r. Hayat Boyu \u00d6\u011frenme Enstit\u00fcs\u00fc, \u015fik\u00e2yetin\/\u00f6nerinin al\u0131nd\u0131\u011f\u0131 tarihten itibaren bir ay i\u00e7inde \u015fik\u00e2yet\u00e7iye\/ihbarc\u0131ya&hellip;<\/p>\n","protected":false},"author":1,"featured_media":0,"parent":10150,"menu_order":76,"comment_status":"closed","ping_status":"closed","template":"","meta":{"footnotes":""},"class_list":["post-10152","page","type-page","status-publish","hentry"],"yoast_head":"<!-- This site is optimized with the Yoast SEO plugin v27.4 - https:\/\/yoast.com\/product\/yoast-seo-wordpress\/ -->\n<title>\u015eikayetler - IDEP<\/title>\n<meta name=\"robots\" content=\"index, follow, max-snippet:-1, max-image-preview:large, max-video-preview:-1\" \/>\n<link rel=\"canonical\" href=\"https:\/\/idep.org.cy\/tr\/fmellp-idep\/sikayet-ve-itiraz-prosedurleri\/sikayetler\/\" \/>\n<meta property=\"og:locale\" content=\"tr_TR\" \/>\n<meta property=\"og:type\" content=\"article\" \/>\n<meta property=\"og:title\" content=\"\u015eikayetler - IDEP\" \/>\n<meta property=\"og:description\" content=\"\u015eikayet\/\u0130hbar Politikas\u0131 Hayat Boyu \u00d6\u011frenme Vakf\u0131, Vakf\u0131n \u00e7al\u0131\u015fmalar\u0131, sponsorlu Projeler ve\/veya personelinin profesyonelli\u011fi ve davran\u0131\u015flar\u0131 ile ilgili herhangi bir konuda yaz\u0131l\u0131 \u015fik\u00e2yetleri kabul eder. \u015eikayetler IDEP web sitesi \u00fczerinden online\u00a0form\u00a0doldurularak yaz\u0131l\u0131 olarak iletilmelidir. \u015eikayetler\/\u00f6neriler al\u0131nd\u0131ktan sonra incelenir ve IDEP gerekti\u011finde d\u00fczeltici \u00f6nlemler al\u0131r. Hayat Boyu \u00d6\u011frenme Enstit\u00fcs\u00fc, \u015fik\u00e2yetin\/\u00f6nerinin al\u0131nd\u0131\u011f\u0131 tarihten itibaren bir ay i\u00e7inde \u015fik\u00e2yet\u00e7iye\/ihbarc\u0131ya&hellip;\" \/>\n<meta property=\"og:url\" content=\"https:\/\/idep.org.cy\/tr\/fmellp-idep\/sikayet-ve-itiraz-prosedurleri\/sikayetler\/\" \/>\n<meta property=\"og:site_name\" content=\"IDEP\" \/>\n<meta property=\"article:modified_time\" content=\"2025-01-17T10:40:50+00:00\" \/>\n<meta name=\"twitter:card\" content=\"summary_large_image\" \/>\n<meta name=\"twitter:label1\" content=\"Tahmini okuma s\u00fcresi\" \/>\n\t<meta name=\"twitter:data1\" content=\"1 dakika\" \/>\n<script type=\"application\/ld+json\" class=\"yoast-schema-graph\">{\"@context\":\"https:\\\/\\\/schema.org\",\"@graph\":[{\"@type\":\"WebPage\",\"@id\":\"https:\\\/\\\/idep.org.cy\\\/tr\\\/fmellp-idep\\\/sikayet-ve-itiraz-prosedurleri\\\/sikayetler\\\/\",\"url\":\"https:\\\/\\\/idep.org.cy\\\/tr\\\/fmellp-idep\\\/sikayet-ve-itiraz-prosedurleri\\\/sikayetler\\\/\",\"name\":\"\u015eikayetler - IDEP\",\"isPartOf\":{\"@id\":\"https:\\\/\\\/idep.org.cy\\\/#website\"},\"datePublished\":\"2023-11-27T13:46:44+00:00\",\"dateModified\":\"2025-01-17T10:40:50+00:00\",\"breadcrumb\":{\"@id\":\"https:\\\/\\\/idep.org.cy\\\/tr\\\/fmellp-idep\\\/sikayet-ve-itiraz-prosedurleri\\\/sikayetler\\\/#breadcrumb\"},\"inLanguage\":\"tr\",\"potentialAction\":[{\"@type\":\"ReadAction\",\"target\":[\"https:\\\/\\\/idep.org.cy\\\/tr\\\/fmellp-idep\\\/sikayet-ve-itiraz-prosedurleri\\\/sikayetler\\\/\"]}]},{\"@type\":\"BreadcrumbList\",\"@id\":\"https:\\\/\\\/idep.org.cy\\\/tr\\\/fmellp-idep\\\/sikayet-ve-itiraz-prosedurleri\\\/sikayetler\\\/#breadcrumb\",\"itemListElement\":[{\"@type\":\"ListItem\",\"position\":1,\"name\":\"Home\",\"item\":\"https:\\\/\\\/idep.org.cy\\\/tr\\\/\"},{\"@type\":\"ListItem\",\"position\":2,\"name\":\"IDEP (APYV)\",\"item\":\"https:\\\/\\\/idep.org.cy\\\/tr\\\/fmellp-idep\\\/\"},{\"@type\":\"ListItem\",\"position\":3,\"name\":\"\u015eik\u00e2yet ve \u0130tiraz Prosed\u00fcrleri\",\"item\":\"https:\\\/\\\/idep.org.cy\\\/tr\\\/fmellp-idep\\\/sikayet-ve-itiraz-prosedurleri\\\/\"},{\"@type\":\"ListItem\",\"position\":4,\"name\":\"\u015eikayetler\"}]},{\"@type\":\"WebSite\",\"@id\":\"https:\\\/\\\/idep.org.cy\\\/#website\",\"url\":\"https:\\\/\\\/idep.org.cy\\\/\",\"name\":\"\u0399\u0394\u0395\u03a0 \u0394\u03b9\u03ac \u0392\u03af\u03bf\u03c5 \u039c\u03ac\u03b8\u03b7\u03c3\u03b7\u03c2\",\"description\":\"\",\"publisher\":{\"@id\":\"https:\\\/\\\/idep.org.cy\\\/#organization\"},\"potentialAction\":[{\"@type\":\"SearchAction\",\"target\":{\"@type\":\"EntryPoint\",\"urlTemplate\":\"https:\\\/\\\/idep.org.cy\\\/?s={search_term_string}\"},\"query-input\":{\"@type\":\"PropertyValueSpecification\",\"valueRequired\":true,\"valueName\":\"search_term_string\"}}],\"inLanguage\":\"tr\"},{\"@type\":\"Organization\",\"@id\":\"https:\\\/\\\/idep.org.cy\\\/#organization\",\"name\":\"\u0399\u0394\u0395\u03a0 \u0394\u03b9\u03ac \u0392\u03af\u03bf\u03c5 \u039c\u03ac\u03b8\u03b7\u03c3\u03b7\u03c2\",\"url\":\"https:\\\/\\\/idep.org.cy\\\/\",\"logo\":{\"@type\":\"ImageObject\",\"inLanguage\":\"tr\",\"@id\":\"https:\\\/\\\/idep.org.cy\\\/#\\\/schema\\\/logo\\\/image\\\/\",\"url\":\"https:\\\/\\\/idep.org.cy\\\/wp-content\\\/uploads\\\/2024\\\/12\\\/IDEP_Logo_en.jpg\",\"contentUrl\":\"https:\\\/\\\/idep.org.cy\\\/wp-content\\\/uploads\\\/2024\\\/12\\\/IDEP_Logo_en.jpg\",\"width\":150,\"height\":150,\"caption\":\"\u0399\u0394\u0395\u03a0 \u0394\u03b9\u03ac \u0392\u03af\u03bf\u03c5 \u039c\u03ac\u03b8\u03b7\u03c3\u03b7\u03c2\"},\"image\":{\"@id\":\"https:\\\/\\\/idep.org.cy\\\/#\\\/schema\\\/logo\\\/image\\\/\"}}]}<\/script>\n<!-- \/ Yoast SEO plugin. -->","yoast_head_json":{"title":"\u015eikayetler - IDEP","robots":{"index":"index","follow":"follow","max-snippet":"max-snippet:-1","max-image-preview":"max-image-preview:large","max-video-preview":"max-video-preview:-1"},"canonical":"https:\/\/idep.org.cy\/tr\/fmellp-idep\/sikayet-ve-itiraz-prosedurleri\/sikayetler\/","og_locale":"tr_TR","og_type":"article","og_title":"\u015eikayetler - IDEP","og_description":"\u015eikayet\/\u0130hbar Politikas\u0131 Hayat Boyu \u00d6\u011frenme Vakf\u0131, Vakf\u0131n \u00e7al\u0131\u015fmalar\u0131, sponsorlu Projeler ve\/veya personelinin profesyonelli\u011fi ve davran\u0131\u015flar\u0131 ile ilgili herhangi bir konuda yaz\u0131l\u0131 \u015fik\u00e2yetleri kabul eder. \u015eikayetler IDEP web sitesi \u00fczerinden online\u00a0form\u00a0doldurularak yaz\u0131l\u0131 olarak iletilmelidir. \u015eikayetler\/\u00f6neriler al\u0131nd\u0131ktan sonra incelenir ve IDEP gerekti\u011finde d\u00fczeltici \u00f6nlemler al\u0131r. Hayat Boyu \u00d6\u011frenme Enstit\u00fcs\u00fc, \u015fik\u00e2yetin\/\u00f6nerinin al\u0131nd\u0131\u011f\u0131 tarihten itibaren bir ay i\u00e7inde \u015fik\u00e2yet\u00e7iye\/ihbarc\u0131ya&hellip;","og_url":"https:\/\/idep.org.cy\/tr\/fmellp-idep\/sikayet-ve-itiraz-prosedurleri\/sikayetler\/","og_site_name":"IDEP","article_modified_time":"2025-01-17T10:40:50+00:00","twitter_card":"summary_large_image","twitter_misc":{"Tahmini okuma s\u00fcresi":"1 dakika"},"schema":{"@context":"https:\/\/schema.org","@graph":[{"@type":"WebPage","@id":"https:\/\/idep.org.cy\/tr\/fmellp-idep\/sikayet-ve-itiraz-prosedurleri\/sikayetler\/","url":"https:\/\/idep.org.cy\/tr\/fmellp-idep\/sikayet-ve-itiraz-prosedurleri\/sikayetler\/","name":"\u015eikayetler - IDEP","isPartOf":{"@id":"https:\/\/idep.org.cy\/#website"},"datePublished":"2023-11-27T13:46:44+00:00","dateModified":"2025-01-17T10:40:50+00:00","breadcrumb":{"@id":"https:\/\/idep.org.cy\/tr\/fmellp-idep\/sikayet-ve-itiraz-prosedurleri\/sikayetler\/#breadcrumb"},"inLanguage":"tr","potentialAction":[{"@type":"ReadAction","target":["https:\/\/idep.org.cy\/tr\/fmellp-idep\/sikayet-ve-itiraz-prosedurleri\/sikayetler\/"]}]},{"@type":"BreadcrumbList","@id":"https:\/\/idep.org.cy\/tr\/fmellp-idep\/sikayet-ve-itiraz-prosedurleri\/sikayetler\/#breadcrumb","itemListElement":[{"@type":"ListItem","position":1,"name":"Home","item":"https:\/\/idep.org.cy\/tr\/"},{"@type":"ListItem","position":2,"name":"IDEP (APYV)","item":"https:\/\/idep.org.cy\/tr\/fmellp-idep\/"},{"@type":"ListItem","position":3,"name":"\u015eik\u00e2yet ve \u0130tiraz Prosed\u00fcrleri","item":"https:\/\/idep.org.cy\/tr\/fmellp-idep\/sikayet-ve-itiraz-prosedurleri\/"},{"@type":"ListItem","position":4,"name":"\u015eikayetler"}]},{"@type":"WebSite","@id":"https:\/\/idep.org.cy\/#website","url":"https:\/\/idep.org.cy\/","name":"\u0399\u0394\u0395\u03a0 \u0394\u03b9\u03ac \u0392\u03af\u03bf\u03c5 \u039c\u03ac\u03b8\u03b7\u03c3\u03b7\u03c2","description":"","publisher":{"@id":"https:\/\/idep.org.cy\/#organization"},"potentialAction":[{"@type":"SearchAction","target":{"@type":"EntryPoint","urlTemplate":"https:\/\/idep.org.cy\/?s={search_term_string}"},"query-input":{"@type":"PropertyValueSpecification","valueRequired":true,"valueName":"search_term_string"}}],"inLanguage":"tr"},{"@type":"Organization","@id":"https:\/\/idep.org.cy\/#organization","name":"\u0399\u0394\u0395\u03a0 \u0394\u03b9\u03ac \u0392\u03af\u03bf\u03c5 \u039c\u03ac\u03b8\u03b7\u03c3\u03b7\u03c2","url":"https:\/\/idep.org.cy\/","logo":{"@type":"ImageObject","inLanguage":"tr","@id":"https:\/\/idep.org.cy\/#\/schema\/logo\/image\/","url":"https:\/\/idep.org.cy\/wp-content\/uploads\/2024\/12\/IDEP_Logo_en.jpg","contentUrl":"https:\/\/idep.org.cy\/wp-content\/uploads\/2024\/12\/IDEP_Logo_en.jpg","width":150,"height":150,"caption":"\u0399\u0394\u0395\u03a0 \u0394\u03b9\u03ac \u0392\u03af\u03bf\u03c5 \u039c\u03ac\u03b8\u03b7\u03c3\u03b7\u03c2"},"image":{"@id":"https:\/\/idep.org.cy\/#\/schema\/logo\/image\/"}}]}},"_links":{"self":[{"href":"https:\/\/idep.org.cy\/tr\/wp-json\/wp\/v2\/pages\/10152","targetHints":{"allow":["GET"]}}],"collection":[{"href":"https:\/\/idep.org.cy\/tr\/wp-json\/wp\/v2\/pages"}],"about":[{"href":"https:\/\/idep.org.cy\/tr\/wp-json\/wp\/v2\/types\/page"}],"author":[{"embeddable":true,"href":"https:\/\/idep.org.cy\/tr\/wp-json\/wp\/v2\/users\/1"}],"replies":[{"embeddable":true,"href":"https:\/\/idep.org.cy\/tr\/wp-json\/wp\/v2\/comments?post=10152"}],"version-history":[{"count":7,"href":"https:\/\/idep.org.cy\/tr\/wp-json\/wp\/v2\/pages\/10152\/revisions"}],"predecessor-version":[{"id":10442,"href":"https:\/\/idep.org.cy\/tr\/wp-json\/wp\/v2\/pages\/10152\/revisions\/10442"}],"up":[{"embeddable":true,"href":"https:\/\/idep.org.cy\/tr\/wp-json\/wp\/v2\/pages\/10150"}],"wp:attachment":[{"href":"https:\/\/idep.org.cy\/tr\/wp-json\/wp\/v2\/media?parent=10152"}],"curies":[{"name":"wp","href":"https:\/\/api.w.org\/{rel}","templated":true}]}}