{"id":10158,"date":"2023-11-27T21:41:17","date_gmt":"2023-11-27T19:41:17","guid":{"rendered":"https:\/\/idep.org.cy\/?page_id=10158"},"modified":"2026-02-17T10:07:36","modified_gmt":"2026-02-17T08:07:36","slug":"site-haritasi","status":"publish","type":"page","link":"https:\/\/idep.org.cy\/tr\/site-haritasi\/","title":{"rendered":"Site Haritas\u0131"},"content":{"rendered":"\t\t<div data-elementor-type=\"wp-page\" data-elementor-id=\"10158\" class=\"elementor elementor-10158 elementor-6979\" data-elementor-post-type=\"page\">\n\t\t\t\t<div class=\"elementor-element elementor-element-08916c8 e-flex e-con-boxed e-con e-parent\" data-id=\"08916c8\" data-element_type=\"container\" data-e-type=\"container\">\n\t\t\t\t\t<div class=\"e-con-inner\">\n\t\t\t\t<div class=\"elementor-element elementor-element-947ef22 elementor-widget elementor-widget-sitemap\" data-id=\"947ef22\" data-element_type=\"widget\" data-e-type=\"widget\" data-widget_type=\"sitemap.default\">\n\t\t\t\t<div class=\"elementor-widget-container\">\n\t\t\t\t\t<div class=\"elementor-sitemap-wrap\"><div class=\"elementor-sitemap-section\"><h2 class=\"elementor-sitemap-title elementor-sitemap-page-title\"> <\/h2><ul class=\"elementor-sitemap-list elementor-sitemap-page-list\"><li class=\"elementor-sitemap-item elementor-sitemap-item-page page_item page-item-14919\"><a href=\"https:\/\/idep.org.cy\/tr\/proedria-tou-symvouliou-tis-evropaikis-enosis\/\">Avrupa Birli\u011fi Konseyi Ba\u015fkanl\u0131\u011f\u0131n\u0131<\/a><\/li><li class=\"elementor-sitemap-item elementor-sitemap-item-page page_item page-item-10137\"><a href=\"https:\/\/idep.org.cy\/tr\/help-us-to-improve\/\">Geli\u015fmemize Yard\u0131mc\u0131 olunuz<\/a><\/li><li class=\"elementor-sitemap-item elementor-sitemap-item-page page_item page-item-7915\"><a href=\"https:\/\/idep.org.cy\/tr\/\">Home<\/a><\/li><li class=\"elementor-sitemap-item elementor-sitemap-item-page page_item page-item-10138\"><a href=\"https:\/\/idep.org.cy\/tr\/fmellp-idep\/\">IDEP (APYV)<\/a><ul class='children'><li class=\"elementor-sitemap-item elementor-sitemap-item-page page_item page-item-10139\"><a href=\"https:\/\/idep.org.cy\/tr\/fmellp-idep\/genel-olarak\/\">Genel Olarak<\/a><ul class='children'><li class=\"elementor-sitemap-item elementor-sitemap-item-page page_item page-item-10140\"><a href=\"https:\/\/idep.org.cy\/tr\/fmellp-idep\/genel-olarak\/idep-apyvle-tanisin\/\">IDEP (APYV)&#8217;le tan\u0131\u015f\u0131n<\/a><\/li><li class=\"elementor-sitemap-item elementor-sitemap-item-page page_item page-item-10141\"><a href=\"https:\/\/idep.org.cy\/tr\/fmellp-idep\/genel-olarak\/idep-apyv-personeli\/\">IDEP (APYV) Personeli<\/a><\/li><li class=\"elementor-sitemap-item elementor-sitemap-item-page page_item page-item-10142\"><a href=\"https:\/\/idep.org.cy\/tr\/fmellp-idep\/genel-olarak\/tarihce\/\">Tarih\u00e7e<\/a><\/li><\/ul><\/li><li class=\"elementor-sitemap-item elementor-sitemap-item-page page_item page-item-10143\"><a href=\"https:\/\/idep.org.cy\/tr\/fmellp-idep\/yonetim-kurulu\/\">Y\u00f6netim Kurulu<\/a><ul class='children'><li class=\"elementor-sitemap-item elementor-sitemap-item-page page_item page-item-10144\"><a href=\"https:\/\/idep.org.cy\/tr\/fmellp-idep\/yonetim-kurulu\/baskandan-selamlar\/\">Ba\u015fkandan selamlar<\/a><\/li><li class=\"elementor-sitemap-item elementor-sitemap-item-page page_item page-item-10145\"><a href=\"https:\/\/idep.org.cy\/tr\/fmellp-idep\/yonetim-kurulu\/yonetim-kurulu-uyeleri\/\">Y\u00f6netim Kurulu \u00dcyeleri<\/a><\/li><\/ul><\/li><li class=\"elementor-sitemap-item elementor-sitemap-item-page page_item page-item-10146\"><a href=\"https:\/\/idep.org.cy\/tr\/fmellp-idep\/idep-apyvin-politikalari-stratejileri\/\">\u0399DEP&#8217; (\u0391PYV)in Politikalar\u0131\/Stratejileri<\/a><ul class='children'><li class=\"elementor-sitemap-item elementor-sitemap-item-page page_item page-item-12262\"><a href=\"https:\/\/idep.org.cy\/tr\/fmellp-idep\/idep-apyvin-politikalari-stratejileri\/kalite-yonetim-politikasi\/\">Kalite Y\u00f6netim Politikas\u0131<\/a><\/li><li class=\"elementor-sitemap-item elementor-sitemap-item-page page_item page-item-10147\"><a href=\"https:\/\/idep.org.cy\/tr\/fmellp-idep\/idep-apyvin-politikalari-stratejileri\/kapsayicilik-stratejisi\/\">Kapsay\u0131c\u0131l\u0131k Stratejisi<\/a><\/li><li class=\"elementor-sitemap-item elementor-sitemap-item-page page_item page-item-10148\"><a href=\"https:\/\/idep.org.cy\/tr\/fmellp-idep\/idep-apyvin-politikalari-stratejileri\/gizlilik-politikasi\/\">Gizlilik Politikas\u0131<\/a><\/li><li class=\"elementor-sitemap-item elementor-sitemap-item-page page_item page-item-10149\"><a href=\"https:\/\/idep.org.cy\/tr\/fmellp-idep\/idep-apyvin-politikalari-stratejileri\/saglik-ve-guvenlik-politikamiz\/\">Sa\u011fl\u0131k ve G\u00fcvenlik Politikam\u0131z<\/a><\/li><\/ul><\/li><li class=\"elementor-sitemap-item elementor-sitemap-item-page page_item page-item-10150\"><a href=\"https:\/\/idep.org.cy\/tr\/fmellp-idep\/sikayet-ve-itiraz-prosedurleri\/\">\u015eik\u00e2yet ve \u0130tiraz Prosed\u00fcrleri<\/a><ul class='children'><li class=\"elementor-sitemap-item elementor-sitemap-item-page page_item page-item-10151\"><a href=\"https:\/\/idep.org.cy\/tr\/fmellp-idep\/sikayet-ve-itiraz-prosedurleri\/itirazlar\/\">\u0130tirazlar<\/a><\/li><li class=\"elementor-sitemap-item elementor-sitemap-item-page page_item page-item-10152\"><a href=\"https:\/\/idep.org.cy\/tr\/fmellp-idep\/sikayet-ve-itiraz-prosedurleri\/sikayetler\/\">\u015eikayetler<\/a><\/li><\/ul><\/li><\/ul><\/li><li class=\"elementor-sitemap-item elementor-sitemap-item-page page_item page-item-10153\"><a href=\"https:\/\/idep.org.cy\/tr\/programlar\/\">Programlar<\/a><ul class='children'><li class=\"elementor-sitemap-item elementor-sitemap-item-page page_item page-item-15849\"><a href=\"https:\/\/idep.org.cy\/tr\/programlar\/erasmus\/\">Erasmus+<\/a><\/li><li class=\"elementor-sitemap-item elementor-sitemap-item-page page_item page-item-15847\"><a href=\"https:\/\/idep.org.cy\/tr\/programlar\/etwinning\/\">eTwinning<\/a><\/li><li class=\"elementor-sitemap-item elementor-sitemap-item-page page_item page-item-15845\"><a href=\"https:\/\/idep.org.cy\/tr\/programlar\/eurodesk\/\">Eurodesk<\/a><\/li><li class=\"elementor-sitemap-item elementor-sitemap-item-page page_item page-item-15843\"><a href=\"https:\/\/idep.org.cy\/tr\/programlar\/european-solidarity-corps\/\">European Solidarity Corps<\/a><\/li><\/ul><\/li><li class=\"elementor-sitemap-item elementor-sitemap-item-page page_item page-item-10154\"><a href=\"https:\/\/idep.org.cy\/tr\/yayinlar\/\">Yay\u0131nlar<\/a><\/li><li class=\"elementor-sitemap-item elementor-sitemap-item-page page_item page-item-10155\"><a href=\"https:\/\/idep.org.cy\/tr\/ilanlar\/\">\u0130lanlar<\/a><\/li><li class=\"elementor-sitemap-item elementor-sitemap-item-page page_item page-item-10156\"><a href=\"https:\/\/idep.org.cy\/tr\/iletisim\/\">\u0130leti\u015fim<\/a><\/li><li class=\"elementor-sitemap-item elementor-sitemap-item-page page_item page-item-10157\"><a href=\"https:\/\/idep.org.cy\/tr\/cerez-politikamiz\/\">\u00c7erez Politikam\u0131z<\/a><\/li><li class=\"elementor-sitemap-item elementor-sitemap-item-page page_item page-item-10158\"><a href=\"https:\/\/idep.org.cy\/tr\/site-haritasi\/\">Site Haritas\u0131<\/a><\/li><li class=\"elementor-sitemap-item elementor-sitemap-item-page page_item page-item-10159\"><a href=\"https:\/\/idep.org.cy\/tr\/isler\/\">\u0130\u015fler<\/a><\/li><li class=\"elementor-sitemap-item elementor-sitemap-item-page page_item page-item-10160\"><a href=\"https:\/\/idep.org.cy\/tr\/idep-apyvin-stratejisi\/\">IDEP (APYV)&#8217;\u0131n Stratejisi<\/a><\/li><\/ul><\/div><\/div>\t\t\t\t<\/div>\n\t\t\t\t<\/div>\n\t\t\t\t\t<\/div>\n\t\t\t\t<\/div>\n\t\t\t\t<\/div>\n\t\t","protected":false},"excerpt":{"rendered":"","protected":false},"author":1,"featured_media":0,"parent":0,"menu_order":94,"comment_status":"closed","ping_status":"closed","template":"","meta":{"footnotes":""},"class_list":["post-10158","page","type-page","status-publish","hentry"],"yoast_head":"<!-- This site is optimized with the Yoast SEO plugin v27.4 - https:\/\/yoast.com\/product\/yoast-seo-wordpress\/ -->\n<title>Site Haritas\u0131 - IDEP<\/title>\n<meta name=\"robots\" content=\"index, follow, max-snippet:-1, max-image-preview:large, max-video-preview:-1\" \/>\n<link rel=\"canonical\" href=\"https:\/\/idep.org.cy\/tr\/site-haritasi\/\" \/>\n<meta property=\"og:locale\" content=\"tr_TR\" \/>\n<meta property=\"og:type\" content=\"article\" \/>\n<meta property=\"og:title\" content=\"Site Haritas\u0131 - IDEP\" \/>\n<meta property=\"og:url\" content=\"https:\/\/idep.org.cy\/tr\/site-haritasi\/\" \/>\n<meta property=\"og:site_name\" content=\"IDEP\" \/>\n<meta property=\"article:modified_time\" content=\"2026-02-17T08:07:36+00:00\" \/>\n<meta name=\"twitter:card\" content=\"summary_large_image\" \/>\n<script type=\"application\/ld+json\" class=\"yoast-schema-graph\">{\"@context\":\"https:\\\/\\\/schema.org\",\"@graph\":[{\"@type\":\"WebPage\",\"@id\":\"https:\\\/\\\/idep.org.cy\\\/tr\\\/site-haritasi\\\/\",\"url\":\"https:\\\/\\\/idep.org.cy\\\/tr\\\/site-haritasi\\\/\",\"name\":\"Site Haritas\u0131 - IDEP\",\"isPartOf\":{\"@id\":\"https:\\\/\\\/idep.org.cy\\\/#website\"},\"datePublished\":\"2023-11-27T19:41:17+00:00\",\"dateModified\":\"2026-02-17T08:07:36+00:00\",\"breadcrumb\":{\"@id\":\"https:\\\/\\\/idep.org.cy\\\/tr\\\/site-haritasi\\\/#breadcrumb\"},\"inLanguage\":\"tr\",\"potentialAction\":[{\"@type\":\"ReadAction\",\"target\":[\"https:\\\/\\\/idep.org.cy\\\/tr\\\/site-haritasi\\\/\"]}]},{\"@type\":\"BreadcrumbList\",\"@id\":\"https:\\\/\\\/idep.org.cy\\\/tr\\\/site-haritasi\\\/#breadcrumb\",\"itemListElement\":[{\"@type\":\"ListItem\",\"position\":1,\"name\":\"Home\",\"item\":\"https:\\\/\\\/idep.org.cy\\\/tr\\\/\"},{\"@type\":\"ListItem\",\"position\":2,\"name\":\"Site Haritas\u0131\"}]},{\"@type\":\"WebSite\",\"@id\":\"https:\\\/\\\/idep.org.cy\\\/#website\",\"url\":\"https:\\\/\\\/idep.org.cy\\\/\",\"name\":\"\u0399\u0394\u0395\u03a0 \u0394\u03b9\u03ac \u0392\u03af\u03bf\u03c5 \u039c\u03ac\u03b8\u03b7\u03c3\u03b7\u03c2\",\"description\":\"\",\"publisher\":{\"@id\":\"https:\\\/\\\/idep.org.cy\\\/#organization\"},\"potentialAction\":[{\"@type\":\"SearchAction\",\"target\":{\"@type\":\"EntryPoint\",\"urlTemplate\":\"https:\\\/\\\/idep.org.cy\\\/?s={search_term_string}\"},\"query-input\":{\"@type\":\"PropertyValueSpecification\",\"valueRequired\":true,\"valueName\":\"search_term_string\"}}],\"inLanguage\":\"tr\"},{\"@type\":\"Organization\",\"@id\":\"https:\\\/\\\/idep.org.cy\\\/#organization\",\"name\":\"\u0399\u0394\u0395\u03a0 \u0394\u03b9\u03ac \u0392\u03af\u03bf\u03c5 \u039c\u03ac\u03b8\u03b7\u03c3\u03b7\u03c2\",\"url\":\"https:\\\/\\\/idep.org.cy\\\/\",\"logo\":{\"@type\":\"ImageObject\",\"inLanguage\":\"tr\",\"@id\":\"https:\\\/\\\/idep.org.cy\\\/#\\\/schema\\\/logo\\\/image\\\/\",\"url\":\"https:\\\/\\\/idep.org.cy\\\/wp-content\\\/uploads\\\/2024\\\/12\\\/IDEP_Logo_en.jpg\",\"contentUrl\":\"https:\\\/\\\/idep.org.cy\\\/wp-content\\\/uploads\\\/2024\\\/12\\\/IDEP_Logo_en.jpg\",\"width\":150,\"height\":150,\"caption\":\"\u0399\u0394\u0395\u03a0 \u0394\u03b9\u03ac \u0392\u03af\u03bf\u03c5 \u039c\u03ac\u03b8\u03b7\u03c3\u03b7\u03c2\"},\"image\":{\"@id\":\"https:\\\/\\\/idep.org.cy\\\/#\\\/schema\\\/logo\\\/image\\\/\"}}]}<\/script>\n<!-- \/ Yoast SEO plugin. -->","yoast_head_json":{"title":"Site Haritas\u0131 - IDEP","robots":{"index":"index","follow":"follow","max-snippet":"max-snippet:-1","max-image-preview":"max-image-preview:large","max-video-preview":"max-video-preview:-1"},"canonical":"https:\/\/idep.org.cy\/tr\/site-haritasi\/","og_locale":"tr_TR","og_type":"article","og_title":"Site Haritas\u0131 - IDEP","og_url":"https:\/\/idep.org.cy\/tr\/site-haritasi\/","og_site_name":"IDEP","article_modified_time":"2026-02-17T08:07:36+00:00","twitter_card":"summary_large_image","schema":{"@context":"https:\/\/schema.org","@graph":[{"@type":"WebPage","@id":"https:\/\/idep.org.cy\/tr\/site-haritasi\/","url":"https:\/\/idep.org.cy\/tr\/site-haritasi\/","name":"Site Haritas\u0131 - IDEP","isPartOf":{"@id":"https:\/\/idep.org.cy\/#website"},"datePublished":"2023-11-27T19:41:17+00:00","dateModified":"2026-02-17T08:07:36+00:00","breadcrumb":{"@id":"https:\/\/idep.org.cy\/tr\/site-haritasi\/#breadcrumb"},"inLanguage":"tr","potentialAction":[{"@type":"ReadAction","target":["https:\/\/idep.org.cy\/tr\/site-haritasi\/"]}]},{"@type":"BreadcrumbList","@id":"https:\/\/idep.org.cy\/tr\/site-haritasi\/#breadcrumb","itemListElement":[{"@type":"ListItem","position":1,"name":"Home","item":"https:\/\/idep.org.cy\/tr\/"},{"@type":"ListItem","position":2,"name":"Site Haritas\u0131"}]},{"@type":"WebSite","@id":"https:\/\/idep.org.cy\/#website","url":"https:\/\/idep.org.cy\/","name":"\u0399\u0394\u0395\u03a0 \u0394\u03b9\u03ac \u0392\u03af\u03bf\u03c5 \u039c\u03ac\u03b8\u03b7\u03c3\u03b7\u03c2","description":"","publisher":{"@id":"https:\/\/idep.org.cy\/#organization"},"potentialAction":[{"@type":"SearchAction","target":{"@type":"EntryPoint","urlTemplate":"https:\/\/idep.org.cy\/?s={search_term_string}"},"query-input":{"@type":"PropertyValueSpecification","valueRequired":true,"valueName":"search_term_string"}}],"inLanguage":"tr"},{"@type":"Organization","@id":"https:\/\/idep.org.cy\/#organization","name":"\u0399\u0394\u0395\u03a0 \u0394\u03b9\u03ac \u0392\u03af\u03bf\u03c5 \u039c\u03ac\u03b8\u03b7\u03c3\u03b7\u03c2","url":"https:\/\/idep.org.cy\/","logo":{"@type":"ImageObject","inLanguage":"tr","@id":"https:\/\/idep.org.cy\/#\/schema\/logo\/image\/","url":"https:\/\/idep.org.cy\/wp-content\/uploads\/2024\/12\/IDEP_Logo_en.jpg","contentUrl":"https:\/\/idep.org.cy\/wp-content\/uploads\/2024\/12\/IDEP_Logo_en.jpg","width":150,"height":150,"caption":"\u0399\u0394\u0395\u03a0 \u0394\u03b9\u03ac \u0392\u03af\u03bf\u03c5 \u039c\u03ac\u03b8\u03b7\u03c3\u03b7\u03c2"},"image":{"@id":"https:\/\/idep.org.cy\/#\/schema\/logo\/image\/"}}]}},"_links":{"self":[{"href":"https:\/\/idep.org.cy\/tr\/wp-json\/wp\/v2\/pages\/10158","targetHints":{"allow":["GET"]}}],"collection":[{"href":"https:\/\/idep.org.cy\/tr\/wp-json\/wp\/v2\/pages"}],"about":[{"href":"https:\/\/idep.org.cy\/tr\/wp-json\/wp\/v2\/types\/page"}],"author":[{"embeddable":true,"href":"https:\/\/idep.org.cy\/tr\/wp-json\/wp\/v2\/users\/1"}],"replies":[{"embeddable":true,"href":"https:\/\/idep.org.cy\/tr\/wp-json\/wp\/v2\/comments?post=10158"}],"version-history":[{"count":1,"href":"https:\/\/idep.org.cy\/tr\/wp-json\/wp\/v2\/pages\/10158\/revisions"}],"predecessor-version":[{"id":10184,"href":"https:\/\/idep.org.cy\/tr\/wp-json\/wp\/v2\/pages\/10158\/revisions\/10184"}],"wp:attachment":[{"href":"https:\/\/idep.org.cy\/tr\/wp-json\/wp\/v2\/media?parent=10158"}],"curies":[{"name":"wp","href":"https:\/\/api.w.org\/{rel}","templated":true}]}}